{"id":258,"date":"2020-03-10T11:36:59","date_gmt":"2020-03-10T11:36:59","guid":{"rendered":"http:\/\/themezinho.net\/?page_id=258"},"modified":"2022-10-04T17:48:09","modified_gmt":"2022-10-04T15:48:09","slug":"home-video-bg","status":"publish","type":"page","link":"https:\/\/terminal9studios.julien-garret.fr\/fr\/","title":{"rendered":"Accueil"},"content":{"rendered":"<div class=\"wpb-content-wrapper\"><p>[vc_row anchor_wrap_section=\u00a0\u00bbno\u00a0\u00bb el_class=\u00a0\u00bbheader-no-section\u00a0\u00bb css=\u00a0\u00bb.vc_custom_1589881161266{margin-top: 0px !important;margin-bottom: 0px !important;padding-top: 0px !important;padding-bottom: 0px !important;}\u00a0\u00bb][vc_column][ts_header_video_bg video_url=\u00a0\u00bbhttps:\/\/terminal9studios.julien-garret.fr\/wp-content\/uploads\/2022\/09\/showcase.mp4&Prime;][\/vc_column][\/vc_row][vc_row section_background_color=\u00a0\u00bb#161619&Prime; use_container=\u00a0\u00bbyes\u00a0\u00bb css=\u00a0\u00bb.vc_custom_1583666254661{margin-bottom: 100px !important;}\u00a0\u00bb][vc_column width=\u00a0\u00bb1\/2&Prime;][ts_section_title title_color=\u00a0\u00bbyes\u00a0\u00bb animate_block=\u00a0\u00bbyes\u00a0\u00bb title=\u00a0\u00bb\u00caTES-VOUS PR\u00caTS \u00c0 EMBARQUER ?\u00a0\u00bb link_label=\u00a0\u00bbc.lacaze@terminal9studios.com\u00a0\u00bb link_url=\u00a0\u00bbmailto:c.lacaze@terminal9studios.julien-garret.fr\u00a0\u00bb][\/vc_column][vc_column width=\u00a0\u00bb1\/2&Prime;][ts_text_content_block content_color=\u00a0\u00bbyes\u00a0\u00bb animate_block=\u00a0\u00bbyes\u00a0\u00bb]Tout seul on va plus vite, ensemble on va plus loin.<\/p>\n<h6><\/h6>\n<p><ins>20<\/ins><\/p>\n<h4>ANS D\u2019\u00c9XPERIENCE<br \/>\nDANS LA PRODUCTION<br \/>\nAUDIOVISUELLE<\/h4>\n<p>[\/ts_text_content_block][\/vc_column][\/vc_row][vc_row section_background_color=\u00a0\u00bb#222327&Prime; motts_theme_padding=\u00a0\u00bbno\u00a0\u00bb use_container=\u00a0\u00bbyes\u00a0\u00bb el_class=\u00a0\u00bboffice-slider-block\u00a0\u00bb css=\u00a0\u00bb.vc_custom_1583606276705{margin-top: -100px !important;}\u00a0\u00bb][vc_column][ts_section_title title_color=\u00a0\u00bbyes\u00a0\u00bb animate_block=\u00a0\u00bbyes\u00a0\u00bb title=\u00a0\u00bbNOTRE SHOWREEL\u00a0\u00bb title_align=\u00a0\u00bbtext-center\u00a0\u00bb]<div id=\"ultimate-video-754669d42e038bb3e\" class=\"ult-video  ult-adjust-bottom-margin ultimate-video-754669d42e038bb3e ultv-5135 \"><div class=\"ultv-video ultv-aspect-ratio-16_9 ultv-subscribe-responsive-none\" data-videotype=\"vimeo_video\">\n\t\t\t\t\t\t<div class=\"ultv-video__outer-wrap\" data-autoplay=\"0\" data-device=\"false\"  data-iconbg=\"#3A3A3A\" data-overcolor=\"\" data-defaultbg=\"#1f1f1e\" data-defaultplay=\"defaulticon\"><div class=\"ultv-vimeo-wrap\"><div class=\"ultv-vimeo-portrait\">\n\t\t\t\t\t<a href=\"\"><img decoding=\"async\" src=\"\"><\/a><\/div><div class=\"ultv-vimeo-headers\"><div class=\"ultv-vimeo-title\">\n\t\t\t\t\t\t\t<a href=\"https:\/\/vimeo.com\/730943712\"><\/a>\n\t\t\t\t\t\t<\/div><div class=\"ultv-vimeo-byline\">\n\t\t\t\t\t\tfrom <a href=\"https:\/\/vimeo.com\/730943712\"> <\/a>\n\t\t\t\t\t<\/div><\/div><\/div><div class=\"ultv-video__play\" data-src=\"https:\/\/player.vimeo.com\/video\/730943712?loop=0&#038;title=1&#038;portrait=1&#038;byline=1&#038;color&#038;autopause=0&#038;autoplay=1\">\n\t\t\t\t\t\t\t\t<img decoding=\"async\" class=\"ultv-video__thumb\" src=\"https:\/\/terminal9studios.julien-garret.fr\/wp-content\/uploads\/2022\/09\/1504152352-a0a1eabcd2332fe12a2d7b258e0d6f3532f1e0c1ea1b719270cf9c69f157c4ee-d_1920x1080.jpg\"\/>\n\t\t\t\t\t\t\t\t<div class=\"ultv-video__play-icon  ultv-animation-none\" style=\"width:75px\"><svg version=\"1.1\" height=\"100%\" width=\"100%\"  viewBox=\"0 14.375 95 66.25\"><path class=\"ultv-vimeo-icon-bg\" d=\"M12.5,14.375c-6.903,0-12.5,5.597-12.5,12.5v41.25c0,6.902,5.597,12.5,12.5,12.5h70c6.903,0,12.5-5.598,12.5-12.5v-41.25c0-6.903-5.597-12.5-12.5-12.5H12.5z\"\/><polygon fill=\"#FFFFFF\" points=\"39.992,64.299 39.992,30.701 62.075,47.5 \"\/><\/svg><\/div> <\/div> <\/div><\/div><\/div>[\/vc_column][\/vc_row][vc_row section_background_color=\u00a0\u00bb#222327&Prime; use_container=\u00a0\u00bbyes\u00a0\u00bb el_class=\u00a0\u00bbicon-block-section\u00a0\u00bb][vc_column][ts_section_title title_color=\u00a0\u00bbyes\u00a0\u00bb animate_block=\u00a0\u00bbyes\u00a0\u00bb title=\u00a0\u00bbNOTRE SAVOIR FAIRE\u00a0\u00bb title_align=\u00a0\u00bbtext-center\u00a0\u00bb][vc_row_inner][vc_column_inner width=\u00a0\u00bb1\/3&Prime;][ts_icon_content_block index=\u00a0\u00bbCREATEURS\u00a0\u00bb icon=\u00a0\u00bb226&Prime;]Nous avons cr\u00e9\u00e9<br \/>\nplus de 100 formats originaux<br \/>\nen 10 ans<\/p>\n<p><span class=\"word\" data-word=\"originales\"><span class=\"char\" data-char=\"s\">\u00a0<\/span><\/span>[\/ts_icon_content_block][\/vc_column_inner][vc_column_inner width=\u00a0\u00bb1\/3&Prime;][ts_icon_content_block index=\u00a0\u00bbPRODUCTEURS\u00a0\u00bb icon=\u00a0\u00bb544&Prime;]Nous avons acc\u00e8s aux meilleurs<br \/>\ntalents adapt\u00e9s \u00e0 chacun<br \/>\nde nos projets<\/p>\n<p><span class=\"word\" data-word=\"talents\"><span class=\"char\" data-char=\"s\">\u00a0<\/span><\/span>[\/ts_icon_content_block][\/vc_column_inner][vc_column_inner width=\u00a0\u00bb1\/3&Prime;][ts_icon_content_block index=\u00a0\u00bbDISTRIBUTEURS\u00a0\u00bb icon=\u00a0\u00bb543&Prime;]Nous avons acc\u00e8s \u00e0<br \/>\n\u00e0 toutes les chaines et plateformes<br \/>\nen France et \u00e0 l\u2019international[\/ts_icon_content_block][\/vc_column_inner][\/vc_row_inner][\/vc_column][\/vc_row][vc_row section_background_color=\u00a0\u00bb#222327&Prime; motts_theme_padding=\u00a0\u00bbno\u00a0\u00bb use_container=\u00a0\u00bbyes\u00a0\u00bb css=\u00a0\u00bb.vc_custom_1584008554616{padding-bottom: 150px !important;}\u00a0\u00bb][vc_column][ts_portfolio total_count=\u00a0\u00bb6&Prime;][\/vc_column][\/vc_row][vc_row gap=\u00a0\u00bb1&Prime; content_placement=\u00a0\u00bbmiddle\u00a0\u00bb use_container=\u00a0\u00bbyes\u00a0\u00bb css=\u00a0\u00bb.vc_custom_1589182770739{padding-top: 50px !important;padding-bottom: 50px !important;}\u00a0\u00bb][vc_column width=\u00a0\u00bb1\/3&Prime; el_class=\u00a0\u00bbtitle-spacing\u00a0\u00bb][ts_section_title animate_block=\u00a0\u00bbyes\u00a0\u00bb title=\u00a0\u00bbMERCI \u00c0 TOUS NOS PARTENAIRES\u00a0\u00bb][\/vc_column][vc_column width=\u00a0\u00bb7\/12&Prime; offset=\u00a0\u00bbvc_col-lg-offset-1&Prime;][vc_row_inner el_class=\u00a0\u00bbclients-spacing\u00a0\u00bb][vc_column_inner width=\u00a0\u00bb1\/3&Prime; offset=\u00a0\u00bbvc_col-xs-4&Prime;][ts_client animate_block=\u00a0\u00bbyes\u00a0\u00bb animation_type=\u00a0\u00bbreveal-effect\u00a0\u00bb logo=\u00a0\u00bb386&Prime;][\/vc_column_inner][vc_column_inner width=\u00a0\u00bb1\/3&Prime; offset=\u00a0\u00bbvc_col-xs-4&Prime;][ts_client logo=\u00a0\u00bb392&Prime;][\/vc_column_inner][vc_column_inner width=\u00a0\u00bb1\/3&Prime; offset=\u00a0\u00bbvc_col-xs-4&Prime;][ts_client logo=\u00a0\u00bb393&Prime;][\/vc_column_inner][\/vc_row_inner][vc_row_inner el_class=\u00a0\u00bbclients-spacing\u00a0\u00bb][vc_column_inner width=\u00a0\u00bb1\/3&Prime; offset=\u00a0\u00bbvc_col-xs-4&Prime;][ts_client logo=\u00a0\u00bb394&Prime;][\/vc_column_inner][vc_column_inner width=\u00a0\u00bb1\/3&Prime; offset=\u00a0\u00bbvc_col-xs-4&Prime;][ts_client logo=\u00a0\u00bb1318&Prime;][\/vc_column_inner][vc_column_inner width=\u00a0\u00bb1\/3&Prime; offset=\u00a0\u00bbvc_col-xs-4&Prime;][ts_client logo=\u00a0\u00bb395&Prime;][\/vc_column_inner][\/vc_row_inner][vc_row_inner el_class=\u00a0\u00bbclients-spacing\u00a0\u00bb][vc_column_inner width=\u00a0\u00bb1\/3&Prime; offset=\u00a0\u00bbvc_col-xs-4&Prime;][ts_client logo=\u00a0\u00bb396&Prime;][\/vc_column_inner][vc_column_inner width=\u00a0\u00bb1\/3&Prime; offset=\u00a0\u00bbvc_col-xs-4&Prime;][ts_client logo=\u00a0\u00bb1320&Prime;][\/vc_column_inner][vc_column_inner width=\u00a0\u00bb1\/3&Prime; offset=\u00a0\u00bbvc_col-xs-4&Prime;][ts_client logo=\u00a0\u00bb1322&Prime;][\/vc_column_inner][\/vc_row_inner][\/vc_column][\/vc_row]<\/p>\n<\/div>","protected":false},"excerpt":{"rendered":"<p>[vc_row anchor_wrap_section=\u00a0\u00bbno\u00a0\u00bb el_class=\u00a0\u00bbheader-no-section\u00a0\u00bb css=\u00a0\u00bb.vc_custom_1589881161266{margin-top: 0px !important;margin-bottom: 0px !important;padding-top: 0px !important;padding-bottom: 0px !important;}\u00a0\u00bb][vc_column][ts_header_video_bg video_url=\u00a0\u00bbhttps:\/\/terminal9studios.julien-garret.fr\/wp-content\/uploads\/2022\/09\/showcase.mp4&Prime;][\/vc_column][\/vc_row][vc_row section_background_color=\u00a0\u00bb#161619&Prime; use_container=\u00a0\u00bbyes\u00a0\u00bb css=\u00a0\u00bb.vc_custom_1583666254661{margin-bottom: 100px !important;}\u00a0\u00bb][vc_column width=\u00a0\u00bb1\/2&Prime;][ts_section_title title_color=\u00a0\u00bbyes\u00a0\u00bb animate_block=\u00a0\u00bbyes\u00a0\u00bb title=\u00a0\u00bb\u00caTES-VOUS PR\u00caTS \u00c0 EMBARQUER ?\u00a0\u00bb link_label=\u00a0\u00bbc.lacaze@terminal9studios.com\u00a0\u00bb link_url=\u00a0\u00bbmailto:c.lacaze@terminal9studios.julien-garret.fr\u00a0\u00bb][\/vc_column][vc_column width=\u00a0\u00bb1\/2&Prime;][ts_text_content_block content_color=\u00a0\u00bbyes\u00a0\u00bb animate_block=\u00a0\u00bbyes\u00a0\u00bb]Tout seul on va plus vite, ensemble on va plus loin. 20 ANS D\u2019\u00c9XPERIENCE DANS LA PRODUCTION AUDIOVISUELLE [\/ts_text_content_block][\/vc_column][\/vc_row][vc_row section_background_color=\u00a0\u00bb#222327&Prime; motts_theme_padding=\u00a0\u00bbno\u00a0\u00bb use_container=\u00a0\u00bbyes\u00a0\u00bb el_class=\u00a0\u00bboffice-slider-block\u00a0\u00bb css=\u00a0\u00bb.vc_custom_1583606276705{margin-top: -100px [&hellip;]<\/p>\n","protected":false},"author":1,"featured_media":0,"parent":0,"menu_order":0,"comment_status":"closed","ping_status":"closed","template":"page-builder.php","meta":{"footnotes":""},"class_list":["post-258","page","type-page","status-publish","hentry"],"_links":{"self":[{"href":"https:\/\/terminal9studios.julien-garret.fr\/fr\/wp-json\/wp\/v2\/pages\/258"}],"collection":[{"href":"https:\/\/terminal9studios.julien-garret.fr\/fr\/wp-json\/wp\/v2\/pages"}],"about":[{"href":"https:\/\/terminal9studios.julien-garret.fr\/fr\/wp-json\/wp\/v2\/types\/page"}],"author":[{"embeddable":true,"href":"https:\/\/terminal9studios.julien-garret.fr\/fr\/wp-json\/wp\/v2\/users\/1"}],"replies":[{"embeddable":true,"href":"https:\/\/terminal9studios.julien-garret.fr\/fr\/wp-json\/wp\/v2\/comments?post=258"}],"version-history":[{"count":137,"href":"https:\/\/terminal9studios.julien-garret.fr\/fr\/wp-json\/wp\/v2\/pages\/258\/revisions"}],"predecessor-version":[{"id":1324,"href":"https:\/\/terminal9studios.julien-garret.fr\/fr\/wp-json\/wp\/v2\/pages\/258\/revisions\/1324"}],"wp:attachment":[{"href":"https:\/\/terminal9studios.julien-garret.fr\/fr\/wp-json\/wp\/v2\/media?parent=258"}],"curies":[{"name":"wp","href":"https:\/\/api.w.org\/{rel}","templated":true}]}}