{"id":19,"date":"2020-03-07T09:14:50","date_gmt":"2020-03-07T09:14:50","guid":{"rendered":"http:\/\/themezinho.net\/?page_id=19"},"modified":"2024-09-22T23:38:13","modified_gmt":"2024-09-22T21:38:13","slug":"studio","status":"publish","type":"page","link":"https:\/\/terminal9studios.julien-garret.fr\/fr\/studio\/","title":{"rendered":"Studio"},"content":{"rendered":"<div class=\"wpb-content-wrapper\"><p>[vc_row css=\u00a0\u00bb.vc_custom_1589882400940{margin-top: 0px !important;margin-right: 0px !important;margin-bottom: 0px !important;margin-left: 0px !important;padding-top: 0px !important;padding-right: 0px !important;padding-bottom: 0px !important;padding-left: 0px !important;}\u00a0\u00bb][vc_column css=\u00a0\u00bb.vc_custom_1589882417125{margin-top: 0px !important;margin-right: 0px !important;margin-bottom: 0px !important;margin-left: 0px !important;padding-top: 0px !important;padding-right: 0px !important;padding-bottom: 0px !important;padding-left: 0px !important;}\u00a0\u00bb][ts_header_video_bg video_url=\u00a0\u00bbhttps:\/\/terminal9studios.julien-garret.fr\/wp-content\/uploads\/2022\/09\/showcase.mp4&Prime; title=\u00a0\u00bbLE STUDIO\u00a0\u00bb link=\u00a0\u00bbToutes les cha\u00eenes, tous les genres&#8230;\u00a0\u00bb][\/vc_column][\/vc_row][vc_row use_container=\u00a0\u00bbyes\u00a0\u00bb][vc_column][vc_row_inner css=\u00a0\u00bb.vc_custom_1583659272991{margin-bottom: 75px !important;}\u00a0\u00bb][vc_column_inner width=\u00a0\u00bb3\/4&Prime;][ts_section_title title=\u00a0\u00bbPOURQUOI TERMINAL 9 ?\u00a0\u00bb tagline=\u00a0\u00bb\u00ab Apr\u00e8s une douzaine d\u2019ann\u00e9e d\u2019exp\u00e9rience acquise au sein de grands groupes de production comme DGA d\u2019Endemol et de diffusion \u00e0 la Pr\u00e9sidence de France T\u00e9l\u00e9visions, j\u2019ai souhait\u00e9 me lancer dans l\u2019entrepreneuriat en 2013 en cr\u00e9ant mon propre studio de production Terminal 9 Studios.\u00a0\u00bb][vc_column_text css=\u00a0\u00bb.vc_custom_1593439947188{padding-top: 20px !important;}\u00a0\u00bb]<b>Pourquoi un Terminal ?<\/b><\/p>\n<p>Parce que les terminaux d\u00b4a\u00e9roports sont les endroits o\u00f9 je me sens le plus libre et le plus cr\u00e9atif.<\/p>\n<p>Face \u00e0 un tableau des d\u00e9parts, si on est un Homme libre et un peu fou, tout devient possible.<\/p>\n<p>9h05 : Biarritz, 9h15 : New York, 9h25 : Barcelone, 9h30 : Sao Paulo\u2026<\/p>\n<p>Quoi de plus enivrant pour cr\u00e9er sans limites ?<\/p>\n<p><b>Pourquoi le chiffre 9 ?<\/b><\/p>\n<p>Parce que c\u2019est tout simplement mon chiffre porte bonheur et qu\u2019il faut aussi un peu de chance pour se lancer dans l\u2019entrepreneuriat \u00e0 c\u00f4t\u00e9 de beaucoup de folie.<\/p>\n<p><b>Terminal 9 Studios <\/b>est donc mon terminal personnel o\u00f9 j\u2019invite tous les talents libres et cr\u00e9atifs \u00e0 embarquer avec moi pour de nouveaux projets. Chaque nouveau projet est un nouveau voyage. On pense conna\u00eetre la destination mais on en reviendra toujours chang\u00e9 et riche de toutes les rencontres qu\u2019il nous aura offertes. \u00bb\u00a0 Claude.[\/vc_column_text][\/vc_column_inner][\/vc_row_inner][\/vc_column][\/vc_row][vc_row section_background_color=\u00a0\u00bb#222327&Prime; motts_theme_padding=\u00a0\u00bbno\u00a0\u00bb use_container=\u00a0\u00bbyes\u00a0\u00bb el_class=\u00a0\u00bboffice-slider-block\u00a0\u00bb css=\u00a0\u00bb.vc_custom_1583606276705{margin-top: -100px !important;}\u00a0\u00bb][vc_column][ts_section_title title_align=\u00a0\u00bbtext-center\u00a0\u00bb title=\u00a0\u00bbNOTRE SHOWREEL\u00a0\u00bb]<div id=\"ultimate-video-852469d445cfbfaf9\" class=\"ult-video  ult-adjust-bottom-margin ultimate-video-852469d445cfbfaf9 ultv-3897 \"><div class=\"ultv-video ultv-aspect-ratio-16_9 ultv-subscribe-responsive-none\" data-videotype=\"vimeo_video\">\n\t\t\t\t\t\t<div class=\"ultv-video__outer-wrap\" data-autoplay=\"0\" data-device=\"false\"  data-iconbg=\"#3A3A3A\" data-overcolor=\"\" data-defaultbg=\"#1f1f1e\" data-defaultplay=\"defaulticon\"><div class=\"ultv-vimeo-wrap\"><div class=\"ultv-vimeo-portrait\">\n\t\t\t\t\t<a href=\"\"><img decoding=\"async\" src=\"\"><\/a><\/div><div class=\"ultv-vimeo-headers\"><div class=\"ultv-vimeo-title\">\n\t\t\t\t\t\t\t<a href=\"https:\/\/vimeo.com\/730943712\"><\/a>\n\t\t\t\t\t\t<\/div><div class=\"ultv-vimeo-byline\">\n\t\t\t\t\t\tfrom <a href=\"https:\/\/vimeo.com\/730943712\"> <\/a>\n\t\t\t\t\t<\/div><\/div><\/div><div class=\"ultv-video__play\" data-src=\"https:\/\/player.vimeo.com\/video\/730943712?loop=0&#038;title=1&#038;portrait=1&#038;byline=1&#038;color&#038;autopause=0&#038;autoplay=1\">\n\t\t\t\t\t\t\t\t<img decoding=\"async\" class=\"ultv-video__thumb\" src=\"https:\/\/terminal9studios.julien-garret.fr\/wp-content\/uploads\/2022\/09\/1504152352-a0a1eabcd2332fe12a2d7b258e0d6f3532f1e0c1ea1b719270cf9c69f157c4ee-d_1920x1080.jpg\"\/>\n\t\t\t\t\t\t\t\t<div class=\"ultv-video__play-icon  ultv-animation-none\" style=\"width:75px\"><svg version=\"1.1\" height=\"100%\" width=\"100%\"  viewBox=\"0 14.375 95 66.25\"><path class=\"ultv-vimeo-icon-bg\" d=\"M12.5,14.375c-6.903,0-12.5,5.597-12.5,12.5v41.25c0,6.902,5.597,12.5,12.5,12.5h70c6.903,0,12.5-5.598,12.5-12.5v-41.25c0-6.903-5.597-12.5-12.5-12.5H12.5z\"\/><polygon fill=\"#FFFFFF\" points=\"39.992,64.299 39.992,30.701 62.075,47.5 \"\/><\/svg><\/div> <\/div> <\/div><\/div><\/div>[\/vc_column][\/vc_row][vc_row use_container=\u00a0\u00bbyes\u00a0\u00bb][vc_column][vc_row_inner css=\u00a0\u00bb.vc_custom_1593156058374{margin-bottom: 100px !important;}\u00a0\u00bb el_class=\u00a0\u00bbprocess\u00a0\u00bb][vc_column_inner width=\u00a0\u00bb1\/4&Prime;][vc_raw_html css=\u00a0\u00bb\u00a0\u00bb]JTNDZGl2JTIwY2xhc3MlM0QlMjJ3cGJfd3JhcHBlciUyMiUzRSUwQSUzQ2RpdiUyMGNsYXNzJTNEJTIybWlsZXN0b25lcyUyMHdvdyUyMHdvcmRzJTIwY2hhcnMlMjBzcGxpdHRpbmclMjBhbmltYXRlZCUyMiUyMGRhdGEtc3BsaXR0aW5nJTNEJTIyJTIyJTIwc3R5bGUlM0QlMjItLXdvcmQtdG90YWwlM0ElMjA3JTNCJTIwLS1jaGFyLXRvdGFsJTNBJTIwMTMlM0IlMjB2aXNpYmlsaXR5JTNBJTIwdmlzaWJsZSUzQiUyMiUzRSUwQSUzQ3NtYWxsJTNFJTNDc3BhbiUyMGNsYXNzJTNEJTIyd29yZCUyMiUyMHN0eWxlJTNEJTIyLS13b3JkLWluZGV4JTNBJTIwMCUzQiUyMiUyMGRhdGEtd29yZCUzRCUyMjAxJTIyJTNFJTNDc3BhbiUyMGNsYXNzJTNEJTIyY2hhciUyMiUyMHN0eWxlJTNEJTIyLS1jaGFyLWluZGV4JTNBJTIwMCUzQiUyMiUyMGRhdGEtY2hhciUzRCUyMjAlMjIlM0UwJTNDJTJGc3BhbiUzRSUzQ3NwYW4lMjBjbGFzcyUzRCUyMmNoYXIlMjIlMjBzdHlsZSUzRCUyMi0tY2hhci1pbmRleCUzQSUyMDElM0IlMjIlMjBkYXRhLWNoYXIlM0QlMjIxJTIyJTNFMSUzQyUyRnNwYW4lM0UlM0MlMkZzcGFuJTNFJTNDJTJGc21hbGwlM0UlMEElM0NkaXYlM0UlM0MlMkZkaXYlM0UlMEElM0NoNSUzRSUzQ3NwYW4lMjBjbGFzcyUzRCUyMndvcmQlMjIlMjBzdHlsZSUzRCUyMi0td29yZC1pbmRleCUzQSUyMDElM0IlMjIlMjBkYXRhLXdvcmQlM0QlMjJTJUUyJTgwJTk5SU5TUElSRVIlMjIlM0UlM0NzcGFuJTIwY2xhc3MlM0QlMjJjaGFyJTIyJTIwc3R5bGUlM0QlMjItLWNoYXItaW5kZXglM0ElMjAyJTNCJTIyJTIwZGF0YS1jaGFyJTNEJTIyUyUyMiUzRVMlM0MlMkZzcGFuJTNFJTNDc3BhbiUyMGNsYXNzJTNEJTIyY2hhciUyMiUyMHN0eWxlJTNEJTIyLS1jaGFyLWluZGV4JTNBJTIwMyUzQiUyMiUyMGRhdGEtY2hhciUzRCUyMiVFMiU4MCU5OSUyMiUzRSVFMiU4MCU5OSUzQyUyRnNwYW4lM0UlM0NzcGFuJTIwY2xhc3MlM0QlMjJjaGFyJTIyJTIwc3R5bGUlM0QlMjItLWNoYXItaW5kZXglM0ElMjA0JTNCJTIyJTIwZGF0YS1jaGFyJTNEJTIySSUyMiUzRUklM0MlMkZzcGFuJTNFJTNDc3BhbiUyMGNsYXNzJTNEJTIyY2hhciUyMiUyMHN0eWxlJTNEJTIyLS1jaGFyLWluZGV4JTNBJTIwNSUzQiUyMiUyMGRhdGEtY2hhciUzRCUyMk4lMjIlM0VOJTNDJTJGc3BhbiUzRSUzQ3NwYW4lMjBjbGFzcyUzRCUyMmNoYXIlMjIlMjBzdHlsZSUzRCUyMi0tY2hhci1pbmRleCUzQSUyMDYlM0IlMjIlMjBkYXRhLWNoYXIlM0QlMjJTJTIyJTNFUyUzQyUyRnNwYW4lM0UlM0NzcGFuJTIwY2xhc3MlM0QlMjJjaGFyJTIyJTIwc3R5bGUlM0QlMjItLWNoYXItaW5kZXglM0ElMjA3JTNCJTIyJTIwZGF0YS1jaGFyJTNEJTIyUCUyMiUzRVAlM0MlMkZzcGFuJTNFJTNDc3BhbiUyMGNsYXNzJTNEJTIyY2hhciUyMiUyMHN0eWxlJTNEJTIyLS1jaGFyLWluZGV4JTNBJTIwOCUzQiUyMiUyMGRhdGEtY2hhciUzRCUyMkklMjIlM0VJJTNDJTJGc3BhbiUzRSUzQ3NwYW4lMjBjbGFzcyUzRCUyMmNoYXIlMjIlMjBzdHlsZSUzRCUyMi0tY2hhci1pbmRleCUzQSUyMDklM0IlMjIlMjBkYXRhLWNoYXIlM0QlMjJSJTIyJTNFUiUzQyUyRnNwYW4lM0UlM0NzcGFuJTIwY2xhc3MlM0QlMjJjaGFyJTIyJTIwc3R5bGUlM0QlMjItLWNoYXItaW5kZXglM0ElMjAxMCUzQiUyMiUyMGRhdGEtY2hhciUzRCUyMkUlMjIlM0VFJTNDJTJGc3BhbiUzRSUzQ3NwYW4lMjBjbGFzcyUzRCUyMmNoYXIlMjIlMjBzdHlsZSUzRCUyMi0tY2hhci1pbmRleCUzQSUyMDExJTNCJTIyJTIwZGF0YS1jaGFyJTNEJTIyUiUyMiUzRVIlM0MlMkZzcGFuJTNFJTNDJTJGc3BhbiUzRSUzQyUyRmg1JTNFJTBBQ2hhcXVlJTIwYW5uJUMzJUE5ZSUyQyUzQ2JyJTNFJTIwbm91cyUyMG5vdXMlMjBpbnNwaXJvbnMlMjBkZSUyMGwlRTIlODAlOTlhaXIlMjAlM0NiciUzRWR1JTIwdGVtcHMlMjBwb3VyJTIwcHJvZHVpcmUlM0NiciUzRSUyMHVuZSUyMGRpemFpbmUlMjBkZSUyMG5vdXZlYXV4JTIwJTNDYnIlM0Vmb3JtYXRzJTIwaW4lQzMlQTlkaXRzLiUzQyUyRmRpdiUzRSUzQyUyRmRpdiUzRQ==[\/vc_raw_html][\/vc_column_inner][vc_column_inner width=\u00a0\u00bb1\/4&Prime;][ts_process_content index=\u00a0\u00bb02&Prime; title=\u00a0\u00bbS\u2019ADAPTER\u00a0\u00bb description=\u00a0\u00bbDes deals \u00ab smart cost \u00bb adapt\u00e9s aux nouvelles \u00e9conomies des cha\u00eenes.\u00a0\u00bb][\/vc_column_inner][vc_column_inner width=\u00a0\u00bb1\/4&Prime;][ts_process_content index=\u00a0\u00bb03&Prime; title=\u00a0\u00bbS\u2019ENTOURER\u00a0\u00bb description=\u00a0\u00bbUn pool de talents experts d\u00e9di\u00e9s sp\u00e9cifiquement sur chaque projet.\u00a0\u00bb][\/vc_column_inner][vc_column_inner width=\u00a0\u00bb1\/4&Prime;][ts_process_content index=\u00a0\u00bb04&Prime; title=\u00a0\u00bbS\u2019AMUSER\u00a0\u00bb description=\u00a0\u00bbPour ne jamais oublier pourquoi on a choisi ce m\u00e9tier.\u00a0\u00bb][\/vc_column_inner][\/vc_row_inner][\/vc_column][\/vc_row][vc_row section_background_color=\u00a0\u00bb#222327&Prime; motts_theme_padding=\u00a0\u00bbno\u00a0\u00bb use_container=\u00a0\u00bbyes\u00a0\u00bb el_class=\u00a0\u00bboffice-slider-block\u00a0\u00bb css=\u00a0\u00bb.vc_custom_1583606276705{margin-top: -100px !important;}\u00a0\u00bb][vc_column][ts_section_title title_align=\u00a0\u00bbtext-center\u00a0\u00bb title=\u00a0\u00bbLE STUDIO\u00a0\u00bb][ts_image_slider details=\u00a0\u00bb%5B%7B%22image%22%3A%22336%22%7D%2C%7B%22image%22%3A%22565%22%7D%2C%7B%22image%22%3A%22567%22%7D%5D\u00a0\u00bb][\/vc_column][\/vc_row][vc_row section_background_color=\u00a0\u00bb#222327&Prime; use_container=\u00a0\u00bbyes\u00a0\u00bb css=\u00a0\u00bb.vc_custom_1727041043565{padding-right: 15% !important;padding-left: 15% !important;}\u00a0\u00bb el_id=\u00a0\u00bbinfoSoc\u00a0\u00bb][vc_column width=\u00a0\u00bb1\/4&Prime; offset=\u00a0\u00bbvc_col-xs-6&Prime; css=\u00a0\u00bb.vc_custom_1593443237602{margin-bottom: 20px !important;}\u00a0\u00bb][vc_raw_html css=\u00a0\u00bb\u00a0\u00bb]JTNDZGl2JTIwY2xhc3MlM0QlMjJ3cGJfd3JhcHBlciUyMiUzRSUwQSUzQ2RpdiUyMGNsYXNzJTNEJTIybWlsZXN0b25lcyUyMHdvdyUyMHdvcmRzJTIwY2hhcnMlMjBzcGxpdHRpbmclMjBhbmltYXRlZCUyMiUzRSUwQSUwQSUzQ3NwYW4lMjBzdHlsZSUzRCUyMiUyMGZvbnQtc2l6ZSUzQSUyMDV2dyUzQiUyMGxpbmUtaGVpZ2h0JTNBJTIwMSUzQiUyMGNvbG9yJTNBJTIwJTIzZmZmJTNCJTIwJTIwJTIwZm9udC1mYW1pbHklM0ElMjBGamFsbGElMjBPbmUlMkMlMjBzYW5zLXNlcmlmJTNCJTIyJTIwJTNFMjAxMyUzQyUyRnNwYW4lM0UlM0NoNiUzRSUzQ3NwYW4lMjBjbGFzcyUzRCUyMndvcmQlMjIlMjBkYXRhLXdvcmQlM0QlMjJERVBVSVMlMjIlMjBzdHlsZSUzRCUyMi0td29yZC1pbmRleCUzQSUyMDElM0IlMjIlM0UlM0NzcGFuJTIwY2xhc3MlM0QlMjJjaGFyJTIyJTIwZGF0YS1jaGFyJTNEJTIyRCUyMiUyMHN0eWxlJTNEJTIyLS1jaGFyLWluZGV4JTNBJTIwNCUzQiUyMiUzRUQlM0MlMkZzcGFuJTNFJTNDc3BhbiUyMGNsYXNzJTNEJTIyY2hhciUyMiUyMGRhdGEtY2hhciUzRCUyMkUlMjIlMjBzdHlsZSUzRCUyMi0tY2hhci1pbmRleCUzQSUyMDUlM0IlMjIlM0VFJTNDJTJGc3BhbiUzRSUzQ3NwYW4lMjBjbGFzcyUzRCUyMmNoYXIlMjIlMjBkYXRhLWNoYXIlM0QlMjJQJTIyJTIwc3R5bGUlM0QlMjItLWNoYXItaW5kZXglM0ElMjA2JTNCJTIyJTNFUCUzQyUyRnNwYW4lM0UlM0NzcGFuJTIwY2xhc3MlM0QlMjJjaGFyJTIyJTIwZGF0YS1jaGFyJTNEJTIyVSUyMiUyMHN0eWxlJTNEJTIyLS1jaGFyLWluZGV4JTNBJTIwNyUzQiUyMiUzRVUlM0MlMkZzcGFuJTNFJTNDc3BhbiUyMGNsYXNzJTNEJTIyY2hhciUyMiUyMGRhdGEtY2hhciUzRCUyMkklMjIlMjBzdHlsZSUzRCUyMi0tY2hhci1pbmRleCUzQSUyMDglM0IlMjIlM0VJJTNDJTJGc3BhbiUzRSUzQ3NwYW4lMjBjbGFzcyUzRCUyMmNoYXIlMjIlMjBkYXRhLWNoYXIlM0QlMjJTJTIyJTIwc3R5bGUlM0QlMjItLWNoYXItaW5kZXglM0ElMjA5JTNCJTIyJTNFUyUzQyUyRnNwYW4lM0UlM0MlMkZzcGFuJTNFJTNDJTJGaDYlM0UlM0MlMkZkaXYlM0UlM0MlMkZkaXYlM0UlM0MlMkZkaXYlM0UlMEElMDklMEElMDk=[\/vc_raw_html][\/vc_column][vc_column width=\u00a0\u00bb1\/4&Prime; offset=\u00a0\u00bbvc_col-xs-6&Prime; css=\u00a0\u00bb.vc_custom_1593443242906{margin-bottom: 20px !important;}\u00a0\u00bb][ts_milestones value=\u00a0\u00bb100&Prime; tagline=\u00a0\u00bbFORMATS\u00a0\u00bb][\/vc_column][vc_column width=\u00a0\u00bb1\/4&Prime; offset=\u00a0\u00bbvc_col-xs-6&Prime; css=\u00a0\u00bb.vc_custom_1593443249788{margin-bottom: 20px !important;}\u00a0\u00bb][ts_milestones value=\u00a0\u00bb20&Prime; tagline=\u00a0\u00bbCHA\u00ceNES\u00a0\u00bb][\/vc_column][vc_column width=\u00a0\u00bb1\/4&Prime; offset=\u00a0\u00bbvc_col-xs-6&Prime; css=\u00a0\u00bb.vc_custom_1593443256414{margin-bottom: 20px !important;}\u00a0\u00bb][ts_milestones value=\u00a0\u00bb0&Prime; tagline=\u00a0\u00bbROUTINE\u00a0\u00bb][\/vc_column][\/vc_row][vc_row section_background_color=\u00a0\u00bb#222327&Prime; motts_theme_padding=\u00a0\u00bbno\u00a0\u00bb use_container=\u00a0\u00bbyes\u00a0\u00bb el_class=\u00a0\u00bbicon-block-section\u00a0\u00bb css=\u00a0\u00bb.vc_custom_1583657529575{margin-bottom: 100px !important;padding-bottom: 150px !important;}\u00a0\u00bb][vc_column][ts_section_title title_color=\u00a0\u00bbyes\u00a0\u00bb title=\u00a0\u00bbNOTRE SAVOIR FAIRE\u00a0\u00bb title_align=\u00a0\u00bbtext-center\u00a0\u00bb][vc_row_inner css=\u00a0\u00bb.vc_custom_1593505421027{margin-top: 75px !important;padding-right: 15% !important;padding-left: 15% !important;}\u00a0\u00bb][\/vc_row_inner][vc_row_inner][vc_column_inner width=\u00a0\u00bb1\/3&Prime;][ts_icon_content_block index=\u00a0\u00bbCREATEURS\u00a0\u00bb icon=\u00a0\u00bb226&Prime;]Nous avons cr\u00e9\u00e9<br \/>\nplus de 100 formats originaux<br \/>\nen 10 ans[\/ts_icon_content_block][\/vc_column_inner][vc_column_inner width=\u00a0\u00bb1\/3&Prime;][ts_icon_content_block index=\u00a0\u00bbPRODUCTEURS\u00a0\u00bb icon=\u00a0\u00bb544&Prime;]Nous avons acc\u00e8s aux meilleurs<br \/>\ntalents adapt\u00e9s \u00e0 chacun<br \/>\nde nos projets[\/ts_icon_content_block][\/vc_column_inner][vc_column_inner width=\u00a0\u00bb1\/3&Prime;][ts_icon_content_block index=\u00a0\u00bbDISTRIBUTEURS\u00a0\u00bb icon=\u00a0\u00bb543&Prime;]Nous avons acc\u00e8s \u00e0<br \/>\n\u00e0 toutes les chaines et plateformes<br \/>\nen France et \u00e0 l\u2019international[\/ts_icon_content_block][\/vc_column_inner][\/vc_row_inner][\/vc_column][\/vc_row][vc_row section_background_color=\u00a0\u00bb#161619&Prime; motts_theme_padding=\u00a0\u00bbno\u00a0\u00bb use_container=\u00a0\u00bbyes\u00a0\u00bb css=\u00a0\u00bb.vc_custom_1583612565543{padding-top: 150px !important;}\u00a0\u00bb][vc_column][vc_row_inner content_placement=\u00a0\u00bbmiddle\u00a0\u00bb css=\u00a0\u00bb.vc_custom_1583658801308{margin-bottom: 75px !important;}\u00a0\u00bb][vc_column_inner el_class=\u00a0\u00bbtitle-spacing\u00a0\u00bb width=\u00a0\u00bb5\/12&Prime;][ts_section_title title_color=\u00a0\u00bbyes\u00a0\u00bb title=\u00a0\u00bbL\u2019\u00c9QUIPE\u00a0\u00bb][\/vc_column_inner][vc_column_inner width=\u00a0\u00bb7\/12&Prime;][ts_text_content_block content_color=\u00a0\u00bbyes\u00a0\u00bb font_size=\u00a0\u00bb20px\u00a0\u00bb]Terminal 9 Studios s\u2019appuie sur un pool de talents fid\u00e8les et experts chacun dans son domaine de la cr\u00e9ation \u00e0 la production.<br \/>\nChaque nouveau projet est l\u2019occasion de f\u00e9d\u00e9rer de nouveaux talents afin de proposer \u00e0 nos partenaires les meilleurs expertises en fonction de chaque genre de programmes.[\/ts_text_content_block][\/vc_column_inner][\/vc_row_inner][vc_row_inner][vc_column_inner width=\u00a0\u00bb1\/5&Prime;][ts_team_members member_name=\u00a0\u00bbClaude Lacaze\u00a0\u00bb title=\u00a0\u00bbCEO\u00a0\u00bb member=\u00a0\u00bb1171&Prime; social_link1=\u00a0\u00bb#\u00a0\u00bb social_link2=\u00a0\u00bb#\u00a0\u00bb social_media2=\u00a0\u00bbfab fa-twitter\u00a0\u00bb social_link3=\u00a0\u00bb#\u00a0\u00bb details=\u00a0\u00bb%5B%7B%22social_icon%22%3A%22%3Ci%20class%3D%5C%22fab%20fa-facebook-f%5C%22%3E%3C%2Fi%3E%22%7D%5D\u00a0\u00bb][\/vc_column_inner][vc_column_inner width=\u00a0\u00bb1\/5&Prime;][ts_team_members member_name=\u00a0\u00bbMatthieu Duplan\u00a0\u00bb title=\u00a0\u00bbDGA en charge des productions\u00a0\u00bb member=\u00a0\u00bb937&Prime; social_link1=\u00a0\u00bb#\u00a0\u00bb social_link2=\u00a0\u00bb#\u00a0\u00bb social_link3=\u00a0\u00bb#\u00a0\u00bb details=\u00a0\u00bb%5B%7B%22social_icon%22%3A%22%3Ci%20class%3D%5C%22fab%20fa-facebook-f%5C%22%3E%3C%2Fi%3E%22%7D%5D\u00a0\u00bb][\/vc_column_inner][vc_column_inner width=\u00a0\u00bb1\/5&Prime;][ts_team_members member_name=\u00a0\u00bbMatt Menu\u00a0\u00bb title=\u00a0\u00bbDA et Producteur artistique\u00a0\u00bb member=\u00a0\u00bb798&Prime; social_link1=\u00a0\u00bb#\u00a0\u00bb social_link2=\u00a0\u00bb#\u00a0\u00bb social_link3=\u00a0\u00bb#\u00a0\u00bb details=\u00a0\u00bb%5B%7B%22social_icon%22%3A%22%3Ci%20class%3D%5C%22fab%20fa-facebook-f%5C%22%3E%3C%2Fi%3E%22%7D%5D\u00a0\u00bb][\/vc_column_inner][vc_column_inner width=\u00a0\u00bb1\/5&Prime;][ts_team_members member_name=\u00a0\u00bbFran\u00e7ois Barr\u00e9\u00a0\u00bb title=\u00a0\u00bbR\u00c9ALISATION DOC\u00a0\u00bb member=\u00a0\u00bb797&Prime; details=\u00a0\u00bb%5B%7B%22social_icon%22%3A%22%3Ci%20class%3D%5C%22fab%20fa-facebook-f%5C%22%3E%3C%2Fi%3E%22%7D%5D\u00a0\u00bb][\/vc_column_inner][vc_column_inner width=\u00a0\u00bb1\/5&Prime;][ts_team_members member_name=\u00a0\u00bbMax Jouan\u00a0\u00bb title=\u00a0\u00bbR\u00c9ALISATION DOC\u00a0\u00bb member=\u00a0\u00bb799&Prime; details=\u00a0\u00bb%5B%7B%22social_icon%22%3A%22%3Ci%20class%3D%5C%22fab%20fa-facebook-f%5C%22%3E%3C%2Fi%3E%22%7D%5D\u00a0\u00bb][\/vc_column_inner][\/vc_row_inner][\/vc_column][\/vc_row][vc_row gap=\u00a0\u00bb1&Prime; content_placement=\u00a0\u00bbmiddle\u00a0\u00bb use_container=\u00a0\u00bbyes\u00a0\u00bb css=\u00a0\u00bb.vc_custom_1589787634426{margin-top: 100px !important;padding-top: 60px !important;padding-bottom: 60px !important;}\u00a0\u00bb][vc_column width=\u00a0\u00bb1\/3&Prime;][ts_section_title title=\u00a0\u00bbMERCI \u00c0 TOUS NOS PARTENAIRES\u00a0\u00bb][\/vc_column][vc_column width=\u00a0\u00bb7\/12&Prime; offset=\u00a0\u00bbvc_col-lg-offset-1&Prime;][vc_row_inner el_class=\u00a0\u00bbclients-spacing\u00a0\u00bb][vc_column_inner width=\u00a0\u00bb1\/3&Prime; offset=\u00a0\u00bbvc_col-xs-4&Prime;][ts_client logo=\u00a0\u00bb386&Prime;][\/vc_column_inner][vc_column_inner width=\u00a0\u00bb1\/3&Prime; offset=\u00a0\u00bbvc_col-xs-4&Prime;][ts_client logo=\u00a0\u00bb392&Prime;][\/vc_column_inner][vc_column_inner width=\u00a0\u00bb1\/3&Prime; offset=\u00a0\u00bbvc_col-xs-4&Prime;][ts_client logo=\u00a0\u00bb393&Prime;][\/vc_column_inner][\/vc_row_inner][vc_row_inner el_class=\u00a0\u00bbclients-spacing\u00a0\u00bb][vc_column_inner width=\u00a0\u00bb1\/3&Prime; offset=\u00a0\u00bbvc_col-xs-4&Prime;][ts_client logo=\u00a0\u00bb394&Prime;][\/vc_column_inner][vc_column_inner width=\u00a0\u00bb1\/3&Prime; offset=\u00a0\u00bbvc_col-xs-4&Prime;][ts_client logo=\u00a0\u00bb1318&Prime;][\/vc_column_inner][vc_column_inner width=\u00a0\u00bb1\/3&Prime; offset=\u00a0\u00bbvc_col-xs-4&Prime;][ts_client logo=\u00a0\u00bb395&Prime;][\/vc_column_inner][\/vc_row_inner][vc_row_inner el_class=\u00a0\u00bbclients-spacing\u00a0\u00bb][vc_column_inner width=\u00a0\u00bb1\/3&Prime; offset=\u00a0\u00bbvc_col-xs-4&Prime;][ts_client logo=\u00a0\u00bb396&Prime;][\/vc_column_inner][vc_column_inner width=\u00a0\u00bb1\/3&Prime; offset=\u00a0\u00bbvc_col-xs-4&Prime;][ts_client logo=\u00a0\u00bb1320&Prime;][\/vc_column_inner][vc_column_inner width=\u00a0\u00bb1\/3&Prime; offset=\u00a0\u00bbvc_col-xs-4&Prime;][ts_client logo=\u00a0\u00bb1322&Prime;][\/vc_column_inner][\/vc_row_inner][\/vc_column][\/vc_row]<\/p>\n<\/div>","protected":false},"excerpt":{"rendered":"<p>[vc_row css=\u00a0\u00bb.vc_custom_1589882400940{margin-top: 0px !important;margin-right: 0px !important;margin-bottom: 0px !important;margin-left: 0px !important;padding-top: 0px !important;padding-right: 0px !important;padding-bottom: 0px !important;padding-left: 0px !important;}\u00a0\u00bb][vc_column css=\u00a0\u00bb.vc_custom_1589882417125{margin-top: 0px !important;margin-right: 0px !important;margin-bottom: 0px !important;margin-left: 0px !important;padding-top: 0px !important;padding-right: 0px !important;padding-bottom: 0px !important;padding-left: 0px !important;}\u00a0\u00bb][ts_header_video_bg video_url=\u00a0\u00bbhttps:\/\/terminal9studios.julien-garret.fr\/wp-content\/uploads\/2022\/09\/showcase.mp4&Prime; title=\u00a0\u00bbLE STUDIO\u00a0\u00bb link=\u00a0\u00bbToutes les cha\u00eenes, tous les genres&#8230;\u00a0\u00bb][\/vc_column][\/vc_row][vc_row use_container=\u00a0\u00bbyes\u00a0\u00bb][vc_column][vc_row_inner css=\u00a0\u00bb.vc_custom_1583659272991{margin-bottom: 75px !important;}\u00a0\u00bb][vc_column_inner width=\u00a0\u00bb3\/4&Prime;][ts_section_title title=\u00a0\u00bbPOURQUOI TERMINAL 9 ?\u00a0\u00bb tagline=\u00a0\u00bb\u00ab Apr\u00e8s [&hellip;]<\/p>\n","protected":false},"author":1,"featured_media":0,"parent":0,"menu_order":0,"comment_status":"closed","ping_status":"closed","template":"page-builder.php","meta":{"footnotes":""},"class_list":["post-19","page","type-page","status-publish","hentry"],"_links":{"self":[{"href":"https:\/\/terminal9studios.julien-garret.fr\/fr\/wp-json\/wp\/v2\/pages\/19"}],"collection":[{"href":"https:\/\/terminal9studios.julien-garret.fr\/fr\/wp-json\/wp\/v2\/pages"}],"about":[{"href":"https:\/\/terminal9studios.julien-garret.fr\/fr\/wp-json\/wp\/v2\/types\/page"}],"author":[{"embeddable":true,"href":"https:\/\/terminal9studios.julien-garret.fr\/fr\/wp-json\/wp\/v2\/users\/1"}],"replies":[{"embeddable":true,"href":"https:\/\/terminal9studios.julien-garret.fr\/fr\/wp-json\/wp\/v2\/comments?post=19"}],"version-history":[{"count":193,"href":"https:\/\/terminal9studios.julien-garret.fr\/fr\/wp-json\/wp\/v2\/pages\/19\/revisions"}],"predecessor-version":[{"id":1453,"href":"https:\/\/terminal9studios.julien-garret.fr\/fr\/wp-json\/wp\/v2\/pages\/19\/revisions\/1453"}],"wp:attachment":[{"href":"https:\/\/terminal9studios.julien-garret.fr\/fr\/wp-json\/wp\/v2\/media?parent=19"}],"curies":[{"name":"wp","href":"https:\/\/api.w.org\/{rel}","templated":true}]}}