{"id":1571,"date":"2020-07-19T20:54:16","date_gmt":"2020-07-19T18:54:16","guid":{"rendered":"https:\/\/terminal9studios.julien-garret.fr\/mentions-legales\/"},"modified":"2024-09-24T15:05:40","modified_gmt":"2024-09-24T13:05:40","slug":"legal-notice","status":"publish","type":"page","link":"https:\/\/terminal9studios.julien-garret.fr\/en\/legal-notice\/","title":{"rendered":"Legal notice"},"content":{"rendered":"<div class=\"wpb-content-wrapper\"><p>[vc_row css=&#8221;.vc_custom_1727182949567{padding-right: 150px !important;padding-left: 150px !important;}&#8221;][vc_column][vc_column_text css=&#8221;&#8221;]<\/p>\n<div class=\"site-wrapper\">\n<div class=\"site-body\">\n<div class=\"page-title\">\n<div class=\"pe-container\">\n<h1>Legal Notice (EN)<\/h1>\n<\/div>\n<\/div>\n<div class=\"pe-container\">\n<div class=\"pe-wp-default pe-portfolio-scroller-item\">\n<div class=\"gmail_quote\"><\/div>\n<div class=\"gmail_quote\"><\/div>\n<div class=\"gmail_quote\"><\/div>\n<div class=\"gmail_quote\"><\/div>\n<div class=\"gmail_quote\"><\/div>\n<div class=\"gmail_quote\"><b>LEGAL NOTICE<\/b><\/div>\n<div class=\"gmail_quote\"><\/div>\n<div class=\"gmail_quote\">\n<div dir=\"ltr\">\n<div>\n<div dir=\"ltr\">1. Legal Information<\/div>\n<\/div>\n<div class=\"gmail_quote\">\n<div dir=\"ltr\">In accordance with the provisions of Articles 6-III and 19 of the Law for Trust in the Digital Economy, we inform you that: This website was created and is published by: Terminal 9 Studios, 12 rue d\u2019Enghien<\/div>\n<div dir=\"ltr\">75010 Paris<\/div>\n<div dir=\"ltr\">\n<p><a href=\"https:\/\/www.terminal9studios.com\/\">Terminal 9 Studios\/<\/a> <a href=\"mailto:c.lacaze@terminal9studios.com\">c.lacaze@terminal9studios.com<\/a><\/p>\n<div class=\"fl-module fl-module-pp-heading fl-node-5b2111feaedcd\" data-node=\"5b2111feaedcd\">\n<div class=\"fl-module-content fl-node-content\">\n<div class=\"pp-heading-content\">\n<div class=\"pp-heading pp-left\">\n<h2 class=\"heading-title\"><span class=\"title-text pp-primary-title\">Website Design<\/span><\/h2>\n<\/div>\n<\/div>\n<\/div>\n<\/div>\n<div class=\"fl-module fl-module-rich-text fl-node-5b21120877021\" data-node=\"5b21120877021\">\n<div class=\"fl-module-content fl-node-content\">\n<div class=\"fl-rich-text\">Julien Garret, Head Office: 5 rue du loup pendu \u2013 92350 Plessis Robinson \u2013 France Tel: <a href=\"tel:0661523846\">+33 6 61 52 38 46<\/a> \u2013 <a href=\"https:\/\/www.agbsolutions.fr\/ailto:julien.garretb@gmail.com\">Contact<\/a> <a href=\"http:\/\/www.julien-garret.fr\/\" target=\"_blank\" rel=\"noopener noreferrer\">http:\/\/www.julien-garret.fr\/<\/a> SIRET 535 048 920 00016<\/div>\n<\/div>\n<\/div>\n<h3>2. Limitation of Liability<\/h3>\n<p>The user acknowledges having read these terms of use and agrees to comply with them. The user of the website <a href=\"https:\/\/www.terminal9studios.com\/\">www.terminal9studios.com<\/a> acknowledges that they have the necessary skills and resources to access and use this site. The user of the website <a href=\"https:\/\/www.terminal9studios.com\/\">www.terminal9studios.com<\/a> acknowledges that they have verified that the computer configuration used contains no viruses and is in perfect working order. Terminal 9 Studios makes every effort to provide users with available and verified information and\/or tools but cannot be held responsible for errors, lack of availability of functionalities, and\/or the presence of viruses on its site. The information provided by Terminal 9 Studios is for informational purposes only and does not exempt the user from conducting a complementary and personalized analysis. Terminal 9 Studios does not guarantee the accuracy, completeness, or timeliness of the information provided on its site. As a result, the user acknowledges using this information at their own risk.<\/p>\n<h3>3. Cookies<\/h3>\n<p>The user is informed that during their visits to the site, a cookie may automatically install on their browser software. A cookie is a block of data that does not identify users but is used to record information related to their navigation on the site. Browser settings allow for notification of the presence of a cookie and, if necessary, to refuse it. The user has all the above-mentioned rights regarding personal data communicated via cookies under the conditions indicated above. Users of the website <a href=\"https:\/\/www.terminal9studios.com\/\">www.terminal9studios.com<\/a> are required to comply with the provisions of Law No. 78-17 of January 6, 1978, as amended, relating to data processing, files, and freedoms, the violation of which is subject to criminal penalties. They must, in particular, refrain from collecting or misusing any personal data they may access, or, in general, from any act that may infringe upon the privacy or reputation of individuals. This site uses Google Analytics, a web analytics service provided by Google Inc. (&#8220;Google&#8221;). Google Analytics uses cookies, which are text files placed on your computer, to help the website analyze how users use the site. The data generated by cookies regarding your use of the site (including your IP address) will be transmitted and stored by Google on servers located in the United States. Google will use this information to evaluate your use of the site, compile reports on site activity for its publisher, and provide other services related to site activity and internet usage. Google may disclose this data to third parties if legally required or when such third parties process the data on behalf of Google, including the publisher of this site. Google will not associate your IP address with any other data held by Google. You can disable the use of cookies by selecting the appropriate settings in your browser. However, disabling cookies may prevent the use of certain functionalities on this site. By using this website, you expressly consent to the processing of your personal data by Google under the conditions and for the purposes described above.<\/p>\n<h3>4. Intellectual Property<\/h3>\n<p>The general structure, as well as the software, texts, animated or non-animated images, sounds, know-how, and all other elements making up the site, are the exclusive property of Terminal 9 Studios. Any total or partial representation of this site or its content by any person without the express, written authorization of Terminal 9 Studios is prohibited and would constitute an infringement punishable by Articles L. 335-2 and following of the Intellectual Property Code, which defines infringement as a criminal offense and provides for up to three years of imprisonment and a fine of 300,000 euros. The same applies to any databases that may appear on the website, which are protected by the provisions of the Law of July 1, 1998, transposing into the Intellectual Property Code the Directive of March 11, 1996, on the legal protection of databases, and for which the union of merchants is the producer. The trademarks of Terminal 9 Studios and its partners, as well as the logos appearing on the site, are registered trademarks. Any total or partial reproduction of these trademarks or logos made from elements of the site without the express authorization of the union of merchants is therefore prohibited under the Intellectual Property Code. Terminal 9 Studios cannot be held responsible for user access via hypertext links set up within the framework of the website to other resources on the web. Visitors to the website may not set up a hyperlink to this site without the express and prior authorization of Terminal 9 Studios. Any dispute related to the use of the website <a href=\"https:\/\/www.terminal9studios.com\/\">www.terminal9studios.com<\/a> is subject to French law. We thank the users of the site for notifying us of any omissions, errors, or corrections by directly sending an email to the following address: c.lacaze@terminal9studios.com.<\/div>\n<\/div>\n<\/div>\n<\/div>\n<\/div>\n<\/div>\n<\/div>\n<\/div>\n<p>[\/vc_column_text][\/vc_column][\/vc_row][vc_row css=&#8221;.vc_custom_1727182981578{padding-right: 150px !important;padding-left: 150px !important;}&#8221;][vc_column][vc_column_text css=&#8221;&#8221;]<\/p>\n<div class=\"site-wrapper\">\n<div class=\"site-body\">\n<div class=\"page-title\">\n<div class=\"pe-container\">\n<h1>Mentions l\u00e9gales (vf)<\/h1>\n<\/div>\n<\/div>\n<div class=\"pe-container\">\n<div class=\"pe-wp-default pe-portfolio-scroller-item\">\n<div class=\"gmail_quote\"><\/div>\n<div class=\"gmail_quote\"><\/div>\n<div class=\"gmail_quote\"><\/div>\n<div class=\"gmail_quote\"><\/div>\n<div class=\"gmail_quote\"><\/div>\n<div class=\"gmail_quote\"><b>MENTIONS L\u00c9GALES<\/b><\/div>\n<div class=\"gmail_quote\"><\/div>\n<div class=\"gmail_quote\">\n<div dir=\"ltr\">\n<div>\n<div dir=\"ltr\">1. Informations\u00a0l\u00e9gales<\/div>\n<\/div>\n<div class=\"gmail_quote\">\n<div dir=\"ltr\">Conform\u00e9ment aux dispositions des articles 6-III et 19 de la loi pour la Confiance dans l\u2019\u00c9conomie Num\u00e9rique, nous vous informons que : Le pr\u00e9sent site web a \u00e9t\u00e9 cr\u00e9\u00e9 et est \u00e9dit\u00e9 par : Terminal 9 Studios 12 rue d\u2019Enghien<\/div>\n<div dir=\"ltr\">75010 Paris<\/div>\n<div dir=\"ltr\">\n<p><a href=\"https:\/\/www.terminal9studios.com\/\">Terminal 9 Studios\/<\/a>\u00a0<a href=\"mailto:c.lacaze@terminal9studios.com\">c.lacaze@terminal9studios.com<\/a><\/p>\n<div class=\"fl-module fl-module-pp-heading fl-node-5b2111feaedcd\" data-node=\"5b2111feaedcd\">\n<div class=\"fl-module-content fl-node-content\">\n<div class=\"pp-heading-content\">\n<div class=\"pp-heading pp-left\">\n<h2 class=\"heading-title\"><span class=\"title-text pp-primary-title\">Conception du site<\/span><\/h2>\n<\/div>\n<\/div>\n<\/div>\n<\/div>\n<div class=\"fl-module fl-module-rich-text fl-node-5b21120877021\" data-node=\"5b21120877021\">\n<div class=\"fl-module-content fl-node-content\">\n<div class=\"fl-rich-text\">Julien Garret Si\u00e8ge social : 5 rue du loup pendu \u2013 92350 Plessis Robinson \u2013 France T\u00e9l. : <a href=\"tel:0661523846\">+ 33 6 61 52 38 46<\/a> \u2013 <a href=\"https:\/\/www.agbsolutions.fr\/ailto:julien.garretb@gmail.com\">Contact<\/a><a href=\"http:\/\/www.julien-garret.fr\/\" target=\"_blank\" rel=\"noopener noreferrer\">http:\/\/www.julien-garret.fr\/<\/a> SIRET 535 048 920 00016<\/div>\n<\/div>\n<\/div>\n<h3>2. Limitation de responsabilit\u00e9<\/h3>\n<p>L\u2019utilisateur reconna\u00eet avoir pris connaissance des pr\u00e9sentes conditions d\u2019utilisation et s\u2019engage \u00e0 les respecter. L\u2019utilisateur du site internet \u00a0<a href=\"https:\/\/www.terminal9studios.com\/\">www.terminal9studios.com<\/a>\u00a0reconna\u00eet disposer de la comp\u00e9tence et des moyens n\u00e9cessaires pour acc\u00e9der et utiliser ce site. L\u2019utilisateur du site internet <a href=\"https:\/\/www.terminal9studios.com\/\">www.terminal9studios.com<\/a>\u00a0reconna\u00eet avoir v\u00e9rifi\u00e9 que la configuration informatique utilis\u00e9e ne contient aucun virus et qu\u2019elle est en parfait \u00e9tat de fonctionnement. L\u2019entreprise Terminal 9 Studios met tout en \u0153uvre pour offrir aux utilisateurs des informations et\/ou des outils disponibles et v\u00e9rifi\u00e9s mais ne saurait \u00eatre tenue pour responsable des erreurs, d\u2019une absence de disponibilit\u00e9 des fonctionnalit\u00e9s et\/ou de la pr\u00e9sence de virus sur son site. Les informations fournies par l\u2019entreprise Terminal 9 Studios le sont \u00e0 titre indicatif et ne sauraient dispenser l\u2019utilisateur d\u2019une analyse compl\u00e9mentaire et personnalis\u00e9e. L\u2019entreprise Terminal 9 Studios ne saurait garantir l\u2019exactitude, la compl\u00e9tude, l\u2019actualit\u00e9 des informations diffus\u00e9es sur son site. En cons\u00e9quence, l\u2019utilisateur reconna\u00eet utiliser ces informations sous sa responsabilit\u00e9 exclusive.<\/p>\n<h3>3. Cookies<\/h3>\n<p>L\u2019utilisateur est inform\u00e9 que lors de ses visites sur le site, un cookie peut s\u2019installer automatiquement sur son logiciel de navigation. Le cookie est un bloc de donn\u00e9es qui ne permet pas d\u2019identifier les utilisateurs mais sert \u00e0 enregistrer des informations relatives \u00e0 la navigation de celui-ci sur le site. Le param\u00e9trage du logiciel de navigation permet d\u2019informer de la pr\u00e9sence de cookie et \u00e9ventuellement, de la refuser. L\u2019utilisateur dispose de l\u2019ensemble des droits susvis\u00e9s s\u2019agissant des donn\u00e9es \u00e0 caract\u00e8re personnel communiqu\u00e9es par le biais des cookies dans les conditions indiqu\u00e9es ci-dessus. Les utilisateurs du site internet <a href=\"https:\/\/www.terminal9studios.com\/\">www.terminal9studios.com<\/a>\u00a0sont tenus de respecter les dispositions de la loi n\u00b078-17 du 6 janvier 1978 modifi\u00e9e, relative \u00e0 l\u2019informatique, aux fichiers et aux libert\u00e9s, dont la violation est passible de sanctions p\u00e9nales. Ils doivent notamment s\u2019abstenir, s\u2019agissant des informations \u00e0 caract\u00e8re personnel auxquelles ils acc\u00e8dent ou pourraient acc\u00e9der, de toute collecte, de toute utilisation d\u00e9tourn\u00e9e d\u2019une mani\u00e8re g\u00e9n\u00e9rale, de tout acte susceptible de porter atteinte \u00e0 la vie priv\u00e9e ou \u00e0 la r\u00e9putation des personnes. Ce site utilise Google Analytics un service d\u2019analyse de site internet fourni par Google Inc. (\u00ab Google \u00bb). Google Analytics utilise des cookies, qui sont des fichiers texte plac\u00e9s sur votre ordinateur, pour aider le site internet \u00e0 analyser l\u2019utilisation du site par ses utilisateurs. Les donn\u00e9es g\u00e9n\u00e9r\u00e9es par les cookies concernant votre utilisation du site (y compris votre adresse IP) seront transmises et stock\u00e9es par Google sur des serveurs situ\u00e9s aux Etats-Unis. Google utilisera cette information dans le but d\u2019\u00e9valuer votre utilisation du site, de compiler des rapports sur l\u2019activit\u00e9 du site \u00e0 destination de son \u00e9diteur et de fournir d\u2019autres services relatifs \u00e0 l\u2019activit\u00e9 du site et \u00e0 l\u2019utilisation d\u2019Internet. Google est susceptible de communiquer ces donn\u00e9es \u00e0 des tiers en cas d\u2019obligation\u00a0l\u00e9gale\u00a0ou lorsque ces tiers traitent ces donn\u00e9es pour le compte de Google, y compris notamment l\u2019\u00e9diteur de ce site. Google ne recoupera pas votre adresse IP avec toute autre donn\u00e9e d\u00e9tenue par Google. Vous pouvez d\u00e9sactiver l\u2019utilisation de cookies en s\u00e9lectionnant les param\u00e8tres appropri\u00e9s de votre navigateur. Cependant, une telle d\u00e9sactivation pourrait emp\u00eacher l\u2019utilisation de certaines fonctionnalit\u00e9s de ce site. En utilisant ce site internet, vous consentez express\u00e9ment au traitement de vos donn\u00e9es nominatives par Google dans les conditions et pour les finalit\u00e9s d\u00e9crites ci-dessus.<\/p>\n<h3>4. Propri\u00e9t\u00e9 intellectuelle<\/h3>\n<p>La structure g\u00e9n\u00e9rale ainsi que les logiciels, textes, images anim\u00e9es ou non, sons savoir-faire et tous les autres \u00e9l\u00e9ments composants le site sont la propri\u00e9t\u00e9 exclusive de l\u2019entreprise Terminal 9 Studios. Toute repr\u00e9sentation totale ou partielle de ce site ou de son contenu par quelle que personne que ce soit, sans l\u2019autorisation expresse et \u00e9crite de l\u2019entreprise Terminal 9 Studios est interdite et constituerait une contrefa\u00e7on sanctionn\u00e9e par les articles L. 335-2 et suivants du Code de la propri\u00e9t\u00e9 intellectuelle qui d\u00e9finit la contrefa\u00e7on comme un d\u00e9lit, et pr\u00e9voit jusqu\u2019\u00e0 trois ans d\u2019emprisonnement et 300 000 euros d\u2019amende. Il en est de m\u00eame des bases de donn\u00e9es figurant, le cas \u00e9ch\u00e9ant sur le site web qui sont prot\u00e9g\u00e9es par les dispositions de la loi du 1er juillet 1998 portant transposition dans le Code de la propri\u00e9t\u00e9 intellectuelle de la directive du 11 mars 1996 relative \u00e0 la protection juridique des bases de donn\u00e9es, et dont le syndicat des commer\u00e7ants est producteur. Les marques de l\u2019entreprise Terminal 9 Studios et de ses partenaires, ainsi que les logos figurant sur le site sont des marques d\u00e9pos\u00e9es. Toute reproduction totale ou partielle de ces marques ou de ces logos effectu\u00e9s \u00e0 partir des \u00e9l\u00e9ments du site sans l\u2019autorisation expresse du syndicat des commer\u00e7ants est donc prohib\u00e9e au sens du Code de la propri\u00e9t\u00e9 intellectuelle. L\u2019entreprise TERMINAL 9 STUDIOS\u00a0ne saurait \u00eatre responsable de l\u2019acc\u00e8s par les utilisateurs via les liens hypertextes mis en place dans le cadre du site internet en direction d\u2019autres ressources pr\u00e9sentes sur le r\u00e9seau. Les utilisateurs visiteurs du site Internet ne peuvent mettre en place un hyperlien en direction de ce site sans l\u2019autorisation expresse et pr\u00e9alable de l\u2019entreprise Terminal 9 Studios. Tout litige en relation avec l\u2019utilisation du site \u00a0<a href=\"https:\/\/www.terminal9studios.com\/\">www.terminal9studios.com<\/a>\u00a0est soumis au droit fran\u00e7ais. Nous remercions les utilisateurs du site de nous faire part d\u2019\u00e9ventuelles omissions, erreurs, corrections, en adressant directement un m\u00e9l \u00e0 l\u2019adresse suivante :c.lacaze@terminal9studios.com<\/div>\n<\/div>\n<\/div>\n<\/div>\n<\/div>\n<\/div>\n<\/div>\n<\/div>\n<p>[\/vc_column_text][\/vc_column][\/vc_row]<\/p>\n<\/div>","protected":false},"excerpt":{"rendered":"<p>[vc_row css=&#8221;.vc_custom_1727182949567{padding-right: 150px !important;padding-left: 150px !important;}&#8221;][vc_column][vc_column_text css=&#8221;&#8221;] Legal Notice (EN) LEGAL NOTICE 1. Legal Information In accordance with the provisions of Articles 6-III and 19 of the Law for Trust in the Digital Economy, we inform you that: This website was created and is published by: Terminal 9 Studios, 12 rue d\u2019Enghien 75010 Paris Terminal [&hellip;]<\/p>\n","protected":false},"author":1,"featured_media":0,"parent":0,"menu_order":0,"comment_status":"closed","ping_status":"closed","template":"page-builder.php","meta":{"footnotes":""},"class_list":["post-1571","page","type-page","status-publish","hentry"],"_links":{"self":[{"href":"https:\/\/terminal9studios.julien-garret.fr\/en\/wp-json\/wp\/v2\/pages\/1571"}],"collection":[{"href":"https:\/\/terminal9studios.julien-garret.fr\/en\/wp-json\/wp\/v2\/pages"}],"about":[{"href":"https:\/\/terminal9studios.julien-garret.fr\/en\/wp-json\/wp\/v2\/types\/page"}],"author":[{"embeddable":true,"href":"https:\/\/terminal9studios.julien-garret.fr\/en\/wp-json\/wp\/v2\/users\/1"}],"replies":[{"embeddable":true,"href":"https:\/\/terminal9studios.julien-garret.fr\/en\/wp-json\/wp\/v2\/comments?post=1571"}],"version-history":[{"count":10,"href":"https:\/\/terminal9studios.julien-garret.fr\/en\/wp-json\/wp\/v2\/pages\/1571\/revisions"}],"predecessor-version":[{"id":1584,"href":"https:\/\/terminal9studios.julien-garret.fr\/en\/wp-json\/wp\/v2\/pages\/1571\/revisions\/1584"}],"wp:attachment":[{"href":"https:\/\/terminal9studios.julien-garret.fr\/en\/wp-json\/wp\/v2\/media?parent=1571"}],"curies":[{"name":"wp","href":"https:\/\/api.w.org\/{rel}","templated":true}]}}